{"id":334,"date":"2016-05-24T22:37:50","date_gmt":"2016-05-24T22:37:50","guid":{"rendered":"https:\/\/cheerup.theme-sphere.com\/magazine\/?page_id=334"},"modified":"2019-10-18T23:35:19","modified_gmt":"2019-10-18T23:35:19","slug":"que-es","status":"publish","type":"page","link":"https:\/\/www.revistaciendiascinep.com\/home\/que-es\/","title":{"rendered":"\u00bfQu\u00e9 es Cien d\u00edas?"},"content":{"rendered":"\n<div class=\"wp-block-image\"><figure class=\"aligncenter\"><img loading=\"lazy\" decoding=\"async\" width=\"1024\" height=\"250\" src=\"https:\/\/www.revistaciendiascinep.com\/home\/wp-content\/uploads\/2019\/08\/QE-1-1024x250.png\" alt=\"\" class=\"wp-image-4430\" srcset=\"https:\/\/www.revistaciendiascinep.com\/home\/wp-content\/uploads\/2019\/08\/QE-1-1024x250.png 1024w, https:\/\/www.revistaciendiascinep.com\/home\/wp-content\/uploads\/2019\/08\/QE-1-300x73.png 300w, https:\/\/www.revistaciendiascinep.com\/home\/wp-content\/uploads\/2019\/08\/QE-1-768x188.png 768w, https:\/\/www.revistaciendiascinep.com\/home\/wp-content\/uploads\/2019\/08\/QE-1.png 1040w\" sizes=\"auto, (max-width: 1024px) 100vw, 1024px\" \/><\/figure><\/div>\n\n\n\n<p>La revista&nbsp;<em>Cien D\u00edas vistos por Cinep<\/em>, es una publicaci\u00f3n institucional trimestral que desde 1988 ha relatado la realidad social, econ\u00f3mica y pol\u00edtica del pa\u00eds desde las perspectivas del Centro de Investigaci\u00f3n y Educaci\u00f3n Popular. <\/p>\n\n\n\n<p><em>Cien d\u00edas<\/em>&nbsp;surgi\u00f3 con un prop\u00f3sito concreto del Cinep de colocarse m\u00e1s all\u00e1 de las versiones inmediatistas. Primero, como una separata del peri\u00f3dico El Espectador y luego como una publicaci\u00f3n propia del Centro, estas p\u00e1ginas entregan a la ciudadan\u00eda una lectura de la coyuntura en relaci\u00f3n con la situaci\u00f3n de los derechos humanos, crisis econ\u00f3micas y sociales, reivindicaci\u00f3n de las luchas campesinas, movimientos populares, entre otros asuntos de inter\u00e9s p\u00fablico. <\/p>\n\n\n\n<p>Tal como se describe en su primera edici\u00f3n: \u201cEl vertiginoso ritmo de los acontecimientos en Colombia y el desconcierto que deja esa sobrecarga de violencia dificultan reflexionar cotidianamente sobre la situaci\u00f3n del pa\u00eds. <em>Cien d\u00edas<\/em>&nbsp;busca contribuir a esa reflexi\u00f3n con algunas herramientas de an\u00e1lisis que permiten vislumbrar caminos de entendimiento nacional.<\/p>\n\n\n\n<p>M\u00e1s que reflejar un solo punto de vista, <em>Cien D\u00edas<\/em>&nbsp;recoge una pluralidad de enfoques diferentes sobre los sucesos colombianos, desmenuzados por el equipo de investigadores del Cinep.<\/p>\n\n\n\n<p>Sin embargo, al ser el Cinep un Centro de investigaci\u00f3n y Educaci\u00f3n Popular el punto donde convergen todos estos enfoques es la preocupaci\u00f3n porque se d\u00e9 una verdadera participaci\u00f3n de las mayor\u00edas en el desarrollo de nuestro pa\u00eds\u201d.<\/p>\n\n\n\n<p>Este prop\u00f3sito permanece e inspira la producci\u00f3n de an\u00e1lisis y contenidos en el escenario virtual que esperamos llegue a esas mayor\u00edas a las que se refer\u00edan sus fundadores. <\/p>\n\n\n<p><span style=\"color: #999999;\">ISSN: 0121-3385 | Primer n\u00famero impreso: 1988 | Primer n\u00famero digital: 2009<\/span><\/p>\n<h6>Est\u00e9 sitio es posible gracias a:<\/h6>\n<table style=\"height: 24px;\" width=\"162\">\n<tbody>\n<tr>\n<td width=\"339\"><a href=\"https:\/\/www.brot-fuer-die-welt.de\/es\/pan-para-el-mundo\/\" target=\"_blank\" rel=\"noopener noreferrer\"><img loading=\"lazy\" decoding=\"async\" class=\"size-full wp-image-4433 aligncenter\" src=\"https:\/\/www.revistaciendiascinep.com\/home\/wp-content\/uploads\/2019\/08\/Mesa-de-trabajo-4-copia-4.png\" alt=\"\" width=\"281\" height=\"148\"><\/a><\/td>\n<td width=\"339\"><a href=\"https:\/\/www.brot-fuer-die-welt.de\/es\/pan-para-el-mundo\/\" target=\"_blank\" rel=\"noopener noreferrer\"><img loading=\"lazy\" decoding=\"async\" class=\"size-full wp-image-4432 aligncenter\" src=\"https:\/\/www.revistaciendiascinep.com\/home\/wp-content\/uploads\/2019\/08\/Mesa-de-trabajo-4-copia-3.png\" alt=\"\" width=\"281\" height=\"148\"><\/a><\/td>\n<\/tr>\n<\/tbody>\n<\/table>","protected":false},"excerpt":{"rendered":"<p>La revista&nbsp;Cien D\u00edas vistos por Cinep, es una publicaci\u00f3n institucional trimestral que desde 1988 ha relatado la realidad social, econ\u00f3mica y pol\u00edtica del pa\u00eds desde las perspectivas del Centro de Investigaci\u00f3n y Educaci\u00f3n Popular. Cien d\u00edas&nbsp;surgi\u00f3 con un prop\u00f3sito concreto del Cinep de colocarse m\u00e1s all\u00e1 de las versiones inmediatistas. Primero, como una separata del<\/p>\n","protected":false},"author":1395,"featured_media":0,"parent":0,"menu_order":0,"comment_status":"closed","ping_status":"closed","template":"","meta":{"_monsterinsights_skip_tracking":false,"_monsterinsights_sitenote_active":false,"_monsterinsights_sitenote_note":"","_monsterinsights_sitenote_category":0,"footnotes":""},"class_list":["post-334","page","type-page","status-publish"],"aioseo_notices":[],"featured_image_urls_v2":{"full":"","thumbnail":"","medium":"","medium_large":"","large":"","1536x1536":"","2048x2048":"","post-thumbnail":"","contentberg-main":"","contentberg-main-full":"","contentberg-slider-stylish":"","contentberg-slider-carousel":"","contentberg-slider-grid-b":"","contentberg-slider-grid-b-sm":"","contentberg-slider-bold-sm":"","contentberg-grid":"","contentberg-list":"","contentberg-list-b":"","contentberg-thumb":"","contentberg-thumb-alt":""},"post_excerpt_stackable_v2":"<p>La revista&nbsp;Cien D\u00edas vistos por Cinep, es una publicaci\u00f3n institucional trimestral que desde 1988 ha relatado la realidad social, econ\u00f3mica y pol\u00edtica del pa\u00eds desde las perspectivas del Centro de Investigaci\u00f3n y Educaci\u00f3n Popular. Cien d\u00edas&nbsp;surgi\u00f3 con un prop\u00f3sito concreto del Cinep de colocarse m\u00e1s all\u00e1 de las versiones inmediatistas. Primero, como una separata del peri\u00f3dico El Espectador y luego como una publicaci\u00f3n propia del Centro, estas p\u00e1ginas entregan a la ciudadan\u00eda una lectura de la coyuntura en relaci\u00f3n con la situaci\u00f3n de los derechos humanos, crisis econ\u00f3micas y sociales, reivindicaci\u00f3n de las luchas campesinas, movimientos populares, entre otros asuntos&hellip;<\/p>\n","category_list_v2":"","author_info_v2":{"name":"Juanjose Gutierrez","url":"https:\/\/www.revistaciendiascinep.com\/home\/author\/jgutierrezcinep-org-co\/"},"comments_num_v2":"0 comments","_links":{"self":[{"href":"https:\/\/www.revistaciendiascinep.com\/home\/wp-json\/wp\/v2\/pages\/334","targetHints":{"allow":["GET"]}}],"collection":[{"href":"https:\/\/www.revistaciendiascinep.com\/home\/wp-json\/wp\/v2\/pages"}],"about":[{"href":"https:\/\/www.revistaciendiascinep.com\/home\/wp-json\/wp\/v2\/types\/page"}],"author":[{"embeddable":true,"href":"https:\/\/www.revistaciendiascinep.com\/home\/wp-json\/wp\/v2\/users\/1395"}],"replies":[{"embeddable":true,"href":"https:\/\/www.revistaciendiascinep.com\/home\/wp-json\/wp\/v2\/comments?post=334"}],"version-history":[{"count":63,"href":"https:\/\/www.revistaciendiascinep.com\/home\/wp-json\/wp\/v2\/pages\/334\/revisions"}],"predecessor-version":[{"id":4797,"href":"https:\/\/www.revistaciendiascinep.com\/home\/wp-json\/wp\/v2\/pages\/334\/revisions\/4797"}],"wp:attachment":[{"href":"https:\/\/www.revistaciendiascinep.com\/home\/wp-json\/wp\/v2\/media?parent=334"}],"curies":[{"name":"wp","href":"https:\/\/api.w.org\/{rel}","templated":true}]}}