{"id":4297,"date":"2019-06-02T00:52:38","date_gmt":"2019-06-02T00:52:38","guid":{"rendered":"http:\/\/www.revistaciendiascinep.com\/home\/?page_id=4297"},"modified":"2026-03-02T11:38:00","modified_gmt":"2026-03-02T16:38:00","slug":"equipo-editorial","status":"publish","type":"page","link":"https:\/\/www.revistaciendiascinep.com\/home\/equipo-editorial\/","title":{"rendered":"Equipo editorial"},"content":{"rendered":"<h3><strong>Direcci\u00f3n editorial<\/strong><\/h3>\n<p>Jenny Paola Ortiz<\/p>\n<p>V\u00edctor Barrera<\/p>\n<h3><strong>Comit\u00e9 Editorial<\/strong><\/h3>\n<p>John Jairo Montoya, S.J. Investigador del Cinep\/PPP.<\/p>\n<p><span style=\"font-weight: 400;\">Martha Cecilia Garc\u00eda. Investigadora del Cinep\/PPP.<\/span><\/p>\n<p><span style=\"font-weight: 400;\">\u00c1ngela Ballesteros G\u00f3mez. Investigadora del Cinep\/PPP.<\/span><\/p>\n<p><span style=\"font-weight: 400;\">Luisa Fernanda Ram\u00edrez. Investigadora del Cinep\/PPP.<\/span><\/p>\n<p><span style=\"font-weight: 400;\">Marisol Cano Busquets. Asesora Pontificia Universidad Javeriana.<\/span><\/p>\n<p>Fabiola Agudelo.\u00a0<\/p>\n<h3><strong>Coordinaci\u00f3n editorial<\/strong><\/h3>\n<p><span style=\"font-weight: 400;\">Daniela Mahecha D\u00edaz. Coordinadora de publicaciones del Cinep\/PPP.<\/span><\/p>\n<h3><strong>Asistencia editorial<\/strong><\/h3>\n<p><span style=\"font-weight: 400;\">Juanjos\u00e9 D. Guti\u00e9rrez R. Periodista digital del Cinep\/PPP.<\/span><\/p>\n<p><span style=\"font-weight: 400;\">Daniela Irene Mendoza. Periodista del Cinep\/PPP.<\/span><\/p>\n\n\n<div class=\"wp-block-columns has-2-columns is-layout-flex wp-container-core-columns-is-layout-9d6595d7 wp-block-columns-is-layout-flex\">\n<div class=\"wp-block-column is-layout-flow wp-block-column-is-layout-flow\">\n<hr class=\"wp-block-separator has-css-opacity\"\/>\n<\/div>\n\n\n\n<div class=\"wp-block-column is-layout-flow wp-block-column-is-layout-flow\">\n<hr class=\"wp-block-separator has-css-opacity\"\/>\n<\/div>\n<\/div>\n","protected":false},"excerpt":{"rendered":"<p>Direcci\u00f3n editorial Jenny Paola Ortiz V\u00edctor Barrera Comit\u00e9 Editorial John Jairo Montoya, S.J. Investigador del Cinep\/PPP. Martha Cecilia Garc\u00eda. Investigadora del Cinep\/PPP. \u00c1ngela Ballesteros G\u00f3mez. Investigadora del Cinep\/PPP. Luisa Fernanda Ram\u00edrez. Investigadora del Cinep\/PPP. Marisol Cano Busquets. Asesora Pontificia Universidad Javeriana. Fabiola Agudelo.\u00a0 Coordinaci\u00f3n editorial Daniela Mahecha D\u00edaz. Coordinadora de publicaciones del Cinep\/PPP. Asistencia editorial<\/p>\n","protected":false},"author":1395,"featured_media":0,"parent":0,"menu_order":0,"comment_status":"closed","ping_status":"closed","template":"","meta":{"_monsterinsights_skip_tracking":false,"_monsterinsights_sitenote_active":false,"_monsterinsights_sitenote_note":"","_monsterinsights_sitenote_category":0,"footnotes":""},"class_list":["post-4297","page","type-page","status-publish"],"aioseo_notices":[],"featured_image_urls_v2":{"full":"","thumbnail":"","medium":"","medium_large":"","large":"","1536x1536":"","2048x2048":"","post-thumbnail":"","contentberg-main":"","contentberg-main-full":"","contentberg-slider-stylish":"","contentberg-slider-carousel":"","contentberg-slider-grid-b":"","contentberg-slider-grid-b-sm":"","contentberg-slider-bold-sm":"","contentberg-grid":"","contentberg-list":"","contentberg-list-b":"","contentberg-thumb":"","contentberg-thumb-alt":""},"post_excerpt_stackable_v2":"<p>Direcci\u00f3n editorial Jenny Paola Ortiz V\u00edctor Barrera Comit\u00e9 Editorial John Jairo Montoya, S.J. Investigador del Cinep\/PPP. Martha Cecilia Garc\u00eda. Investigadora del Cinep\/PPP. \u00c1ngela Ballesteros G\u00f3mez. Investigadora del Cinep\/PPP. Luisa Fernanda Ram\u00edrez. Investigadora del Cinep\/PPP. Marisol Cano Busquets. Asesora Pontificia Universidad Javeriana. Fabiola Agudelo.\u00a0 Coordinaci\u00f3n editorial Daniela Mahecha D\u00edaz. Coordinadora de publicaciones del Cinep\/PPP. Asistencia editorial Juanjos\u00e9 D. Guti\u00e9rrez R. Periodista digital del Cinep\/PPP. Daniela Irene Mendoza. Periodista del Cinep\/PPP.<\/p>\n","category_list_v2":"","author_info_v2":{"name":"Juanjose Gutierrez","url":"https:\/\/www.revistaciendiascinep.com\/home\/author\/jgutierrezcinep-org-co\/"},"comments_num_v2":"0 comments","_links":{"self":[{"href":"https:\/\/www.revistaciendiascinep.com\/home\/wp-json\/wp\/v2\/pages\/4297","targetHints":{"allow":["GET"]}}],"collection":[{"href":"https:\/\/www.revistaciendiascinep.com\/home\/wp-json\/wp\/v2\/pages"}],"about":[{"href":"https:\/\/www.revistaciendiascinep.com\/home\/wp-json\/wp\/v2\/types\/page"}],"author":[{"embeddable":true,"href":"https:\/\/www.revistaciendiascinep.com\/home\/wp-json\/wp\/v2\/users\/1395"}],"replies":[{"embeddable":true,"href":"https:\/\/www.revistaciendiascinep.com\/home\/wp-json\/wp\/v2\/comments?post=4297"}],"version-history":[{"count":45,"href":"https:\/\/www.revistaciendiascinep.com\/home\/wp-json\/wp\/v2\/pages\/4297\/revisions"}],"predecessor-version":[{"id":8852,"href":"https:\/\/www.revistaciendiascinep.com\/home\/wp-json\/wp\/v2\/pages\/4297\/revisions\/8852"}],"wp:attachment":[{"href":"https:\/\/www.revistaciendiascinep.com\/home\/wp-json\/wp\/v2\/media?parent=4297"}],"curies":[{"name":"wp","href":"https:\/\/api.w.org\/{rel}","templated":true}]}}